{"id":17,"date":"2018-10-21T10:34:27","date_gmt":"2018-10-21T08:34:27","guid":{"rendered":"https:\/\/elektriker-gasel.ch\/?page_id=17"},"modified":"2026-02-27T07:25:26","modified_gmt":"2026-02-27T06:25:26","slug":"startseite","status":"publish","type":"page","link":"https:\/\/elektriker-gasel.ch\/","title":{"rendered":"Telefon   078 671 96 00"},"content":{"rendered":"\n<figure class=\"wp-block-image\"><img loading=\"lazy\" decoding=\"async\" width=\"200\" height=\"202\" src=\"https:\/\/elektriker-gasel.ch\/wp-content\/uploads\/2019\/09\/hpsch_logodesign_mZ_kleinst.png\" alt=\"\" class=\"wp-image-107\" srcset=\"https:\/\/elektriker-gasel.ch\/wp-content\/uploads\/2019\/09\/hpsch_logodesign_mZ_kleinst.png 200w, https:\/\/elektriker-gasel.ch\/wp-content\/uploads\/2019\/09\/hpsch_logodesign_mZ_kleinst-100x100.png 100w\" sizes=\"auto, (max-width: 200px) 100vw, 200px\" \/><\/figure>\n\n\n<p><strong>Meine Teilpensionierung<\/strong><\/p>\n<ul>\n<li>Ich habe meine Gesch\u00e4ftst\u00e4tigkeit stark reduziert.<\/li>\n<li>Ich f\u00fchre normalerweise kleinere Arbeiten aus.<\/li>\n<li>Ich stehe manchmal nicht kurzfristig zur Verf\u00fcgung.<\/li>\n<li>Es kann l\u00e4ngere Abwesenheiten geben (einige Wochen oder ein paar Monate).<\/li>\n<\/ul>\n<p><span style=\"color: #0000ff;\"><strong>Aktuelle Verf\u00fcgbarkeit<\/strong><\/span><\/p>\n<ul>\n<li><span style=\"color: #0000ff;\">Ich arbeite normalerweise am Mo., Di. u. Mi. bei Kundinnen und Kunden.<\/span><\/li>\n<li><span style=\"color: #0000ff;\">An diesen drei Tagen bin ich erreichbar.<\/span><\/li>\n<li><span style=\"color: #0000ff;\">An den anderen vier Tagen kann ich nur bedingt antworten.<\/span><\/li>\n<\/ul>\n<p>Falls Sie ein Anliegen haben, das in den teilpensionierten Rahmen passt, w\u00fcrde ich mich \u00fcber eine Kontaktaufnahme freuen.<\/p>\n<p>Meine besonderen Qualit\u00e4ten sind:<\/p>\n<ul>\n<li>zuverl\u00e4ssig, sorgsam und exakt;<\/li>\n<li>ich betrete Ihre Privatr\u00e4ume mit grosser Sorgfalt;<\/li>\n<li>ich bin bem\u00fcht so wenig Staub wie m\u00f6glich zu produzieren;<\/li>\n<li>ich habe Freude am Resultat sch\u00f6ner Arbeit.<\/li>\n<\/ul>\n<p><strong>Auftr\u00e4ge von folgender Art kann ich nicht mehr \u00fcbernehmen:<\/strong><\/p>\n<ul>\n<li>Neubauten oder mittlere bis grosse Umbauten;<\/li>\n<li>Projekte mit langem und\/oder unbekanntem Zeithorizont (z.B. die Erneuerung eines Netzanschlusses);<\/li>\n<li>das Auswechseln von grossen Ger\u00e4ten wie Back\u00f6fen, K\u00fchlschr\u00e4nke, Waschmaschinen und so weiter.<\/li>\n<\/ul>","protected":false},"excerpt":{"rendered":"<p>Meine Teilpensionierung Ich habe meine Gesch\u00e4ftst\u00e4tigkeit stark reduziert. Ich f\u00fchre normalerweise kleinere Arbeiten aus. Ich stehe manchmal nicht kurzfristig zur Verf\u00fcgung. Es kann l\u00e4ngere Abwesenheiten geben (einige Wochen oder ein paar Monate). Aktuelle Verf\u00fcgbarkeit Ich arbeite normalerweise am Mo., Di. u. Mi. bei Kundinnen und Kunden. An diesen drei Tagen bin ich erreichbar. An den &hellip; <\/p>\n<p class=\"link-more\"><a href=\"https:\/\/elektriker-gasel.ch\/\" class=\"more-link\"><span class=\"screen-reader-text\">&#171;Telefon   078 671 96 00&#187;<\/span> weiterlesen<\/a><\/p>\n","protected":false},"author":1,"featured_media":0,"parent":0,"menu_order":0,"comment_status":"closed","ping_status":"closed","template":"","meta":{"footnotes":""},"class_list":["post-17","page","type-page","status-publish","hentry"],"_links":{"self":[{"href":"https:\/\/elektriker-gasel.ch\/index.php\/wp-json\/wp\/v2\/pages\/17","targetHints":{"allow":["GET"]}}],"collection":[{"href":"https:\/\/elektriker-gasel.ch\/index.php\/wp-json\/wp\/v2\/pages"}],"about":[{"href":"https:\/\/elektriker-gasel.ch\/index.php\/wp-json\/wp\/v2\/types\/page"}],"author":[{"embeddable":true,"href":"https:\/\/elektriker-gasel.ch\/index.php\/wp-json\/wp\/v2\/users\/1"}],"replies":[{"embeddable":true,"href":"https:\/\/elektriker-gasel.ch\/index.php\/wp-json\/wp\/v2\/comments?post=17"}],"version-history":[{"count":41,"href":"https:\/\/elektriker-gasel.ch\/index.php\/wp-json\/wp\/v2\/pages\/17\/revisions"}],"predecessor-version":[{"id":143,"href":"https:\/\/elektriker-gasel.ch\/index.php\/wp-json\/wp\/v2\/pages\/17\/revisions\/143"}],"wp:attachment":[{"href":"https:\/\/elektriker-gasel.ch\/index.php\/wp-json\/wp\/v2\/media?parent=17"}],"curies":[{"name":"wp","href":"https:\/\/api.w.org\/{rel}","templated":true}]}}