{"id":18,"date":"2018-10-21T10:34:27","date_gmt":"2018-10-21T08:34:27","guid":{"rendered":"https:\/\/elektriker-gasel.ch\/?page_id=18"},"modified":"2025-12-30T09:54:52","modified_gmt":"2025-12-30T08:54:52","slug":"ueber-mich","status":"publish","type":"page","link":"https:\/\/elektriker-gasel.ch\/index.php\/ueber-mich\/","title":{"rendered":"\u00dcber mich"},"content":{"rendered":"<p>Gemeinsam mit Ihnen suche ich die beste L\u00f6sung f\u00fcr Ihren Auftrag und setze sie gerne um.<\/p>\n<p><img loading=\"lazy\" decoding=\"async\" class=\"alignnone wp-image-138 size-full\" src=\"https:\/\/elektriker-gasel.ch\/wp-content\/uploads\/2025\/12\/H-P-SCH_300x479.jpg\" alt=\"\" width=\"300\" height=\"479\" srcset=\"https:\/\/elektriker-gasel.ch\/wp-content\/uploads\/2025\/12\/H-P-SCH_300x479.jpg 300w, https:\/\/elektriker-gasel.ch\/wp-content\/uploads\/2025\/12\/H-P-SCH_300x479-188x300.jpg 188w\" sizes=\"auto, (max-width: 300px) 100vw, 300px\" \/><\/p>\n<p><strong>Ausweise<\/strong><\/p>\n<ul>\n<li>Lehrabschluss als Elektroinstallateur, F\u00e4higkeitszeugnis mit Anerkennung f\u00fcr vorz\u00fcgliche Leistung<\/li>\n<li>Diplom als Elektroingenieur HTL<\/li>\n<li>Allgemeine Installationsbewilligung des Eidg. Starkstrominspektorats<\/li>\n<\/ul>\n<p><strong>Beweggrund<\/strong><\/p>\n<p>Ich habe meinen urspr\u00fcnglichen Beruf immer geliebt, arbeite gerne mit den H\u00e4nden und wollte schon immer ein eigenes Gesch\u00e4ft. Was w\u00e4re besser als meine Leidenschaft als Elektriker f\u00fcr meinen Kundinnen und Kunden einzusetzen?<\/p>\n\n\n<p><\/p>\n","protected":false},"excerpt":{"rendered":"<p>Gemeinsam mit Ihnen suche ich die beste L\u00f6sung f\u00fcr Ihren Auftrag und setze sie gerne um. Ausweise Lehrabschluss als Elektroinstallateur, F\u00e4higkeitszeugnis mit Anerkennung f\u00fcr vorz\u00fcgliche Leistung Diplom als Elektroingenieur HTL Allgemeine Installationsbewilligung des Eidg. Starkstrominspektorats Beweggrund Ich habe meinen urspr\u00fcnglichen Beruf immer geliebt, arbeite gerne mit den H\u00e4nden und wollte schon immer ein eigenes Gesch\u00e4ft. &hellip; <\/p>\n<p class=\"link-more\"><a href=\"https:\/\/elektriker-gasel.ch\/index.php\/ueber-mich\/\" class=\"more-link\"><span class=\"screen-reader-text\">&#171;\u00dcber mich&#187;<\/span> weiterlesen<\/a><\/p>\n","protected":false},"author":1,"featured_media":0,"parent":0,"menu_order":0,"comment_status":"closed","ping_status":"closed","template":"","meta":{"footnotes":""},"class_list":["post-18","page","type-page","status-publish","hentry"],"_links":{"self":[{"href":"https:\/\/elektriker-gasel.ch\/index.php\/wp-json\/wp\/v2\/pages\/18","targetHints":{"allow":["GET"]}}],"collection":[{"href":"https:\/\/elektriker-gasel.ch\/index.php\/wp-json\/wp\/v2\/pages"}],"about":[{"href":"https:\/\/elektriker-gasel.ch\/index.php\/wp-json\/wp\/v2\/types\/page"}],"author":[{"embeddable":true,"href":"https:\/\/elektriker-gasel.ch\/index.php\/wp-json\/wp\/v2\/users\/1"}],"replies":[{"embeddable":true,"href":"https:\/\/elektriker-gasel.ch\/index.php\/wp-json\/wp\/v2\/comments?post=18"}],"version-history":[{"count":13,"href":"https:\/\/elektriker-gasel.ch\/index.php\/wp-json\/wp\/v2\/pages\/18\/revisions"}],"predecessor-version":[{"id":140,"href":"https:\/\/elektriker-gasel.ch\/index.php\/wp-json\/wp\/v2\/pages\/18\/revisions\/140"}],"wp:attachment":[{"href":"https:\/\/elektriker-gasel.ch\/index.php\/wp-json\/wp\/v2\/media?parent=18"}],"curies":[{"name":"wp","href":"https:\/\/api.w.org\/{rel}","templated":true}]}}